{"id":1727,"date":"2025-04-19T16:24:31","date_gmt":"2025-04-19T21:24:31","guid":{"rendered":"https:\/\/avadiadelmar.com\/?page_id=1727"},"modified":"2025-05-12T18:46:36","modified_gmt":"2025-05-12T23:46:36","slug":"politica-de-cancelacion","status":"publish","type":"page","link":"https:\/\/avadiadelmar.com\/en\/politica-de-cancelacion\/","title":{"rendered":"Cancellation Policy"},"content":{"rendered":"<div data-elementor-type=\"wp-page\" data-elementor-id=\"1727\" class=\"elementor elementor-1727\">\n\t\t\t\t<div class=\"elementor-element elementor-element-57c3a12 e-flex e-con-boxed e-con e-parent\" data-id=\"57c3a12\" data-element_type=\"container\" data-e-type=\"container\">\n\t\t\t\t\t<div class=\"e-con-inner\">\n\t\t\t\t<div class=\"elementor-element elementor-element-49f609b elementor-widget__width-inherit elementor-widget elementor-widget-heading\" data-id=\"49f609b\" data-element_type=\"widget\" data-e-type=\"widget\" data-widget_type=\"heading.default\">\n\t\t\t\t<div class=\"elementor-widget-container\">\n\t\t\t\t\t<h2 class=\"elementor-heading-title elementor-size-default\">Pol\u00edtica de cancelaci\u00f3n<\/h2>\t\t\t\t<\/div>\n\t\t\t\t<\/div>\n\t\t\t\t\t<\/div>\n\t\t\t\t<\/div>\n\t\t<article class=\"elementor-element elementor-element-3a8f3a4 e-flex e-con-boxed e-con e-parent\" data-id=\"3a8f3a4\" data-element_type=\"container\" data-e-type=\"container\">\n\t\t\t\t\t<div class=\"e-con-inner\">\n\t\t\t\t<div class=\"elementor-element elementor-element-b81a45a elementor-widget elementor-widget-text-editor\" data-id=\"b81a45a\" data-element_type=\"widget\" data-e-type=\"widget\" data-widget_type=\"text-editor.default\">\n\t\t\t\t<div class=\"elementor-widget-container\">\n\t\t\t\t\t\t\t\t\t<ul><li><span class=\"OYPEnA font-feature-liga-off font-feature-clig-off font-feature-calt-off text-decoration-none text-strikethrough-none\">Reservas Directas con el Hotel: Todas las reservas realizadas directamente con el hotel requieren un pago por adelantado, que var\u00eda seg\u00fan la tarifa seleccionada.<\/span><\/li><\/ul><ul><li><span class=\"OYPEnA font-feature-liga-off font-feature-clig-off font-feature-calt-off text-decoration-none text-strikethrough-none\">Reservas a trav\u00e9s de Portales de Venta: Para reservas hechas mediante portales de terceros, el cliente deber\u00e1 abonar un 50% del total de la reserva como pago anticipado.<\/span><\/li><\/ul><ul><li><span class=\"OYPEnA font-feature-liga-off font-feature-clig-off font-feature-calt-off text-decoration-none text-strikethrough-none\">Condiciones seg\u00fan la Tarifa Elegida:<\/span><\/li><\/ul><ul><li><span class=\"OYPEnA font-feature-liga-off font-feature-clig-off font-feature-calt-off text-decoration-none text-strikethrough-none\">Tarifa Standard Rate: Se cobrar\u00e1 el primer d\u00eda de la reserva 8 d\u00edas antes del check-in. El pago restante deber\u00e1 ser abonado al momento del check-in.<\/span><\/li><\/ul><ul><li><span class=\"OYPEnA font-feature-liga-off font-feature-clig-off font-feature-calt-off text-decoration-none text-strikethrough-none\">Tarifa No Refundable: Se cobrar\u00e1 el total de la reserva en el momento en que se realice. Si el cliente cancela despu\u00e9s de la reserva, deber\u00e1 pagar el 50% del total.<\/span><\/li><\/ul><ul><li><span class=\"OYPEnA font-feature-liga-off font-feature-clig-off font-feature-calt-off text-decoration-none text-strikethrough-none\">Condiciones de No-Show: Si el cliente no se presenta, se cobrar\u00e1 el precio total de la reserva como penalizaci\u00f3n.<\/span><\/li><\/ul>\t\t\t\t\t\t\t\t<\/div>\n\t\t\t\t<\/div>\n\t\t\t\t\t<\/div>\n\t\t\t\t<\/article>\n\t\t\t\t<\/div>","protected":false},"excerpt":{"rendered":"<p>Pol\u00edtica de cancelaci\u00f3n Reservas Directas con el Hotel: Todas las reservas realizadas directamente con el hotel requieren un pago por adelantado, que var\u00eda seg\u00fan la tarifa seleccionada. Reservas a trav\u00e9s de Portales de Venta: Para reservas hechas mediante portales de terceros, el cliente deber\u00e1 abonar un 50% del total de la reserva como pago anticipado. [&hellip;]<\/p>","protected":false},"author":1,"featured_media":0,"parent":0,"menu_order":0,"comment_status":"closed","ping_status":"closed","template":"","meta":{"om_disable_all_campaigns":false,"_monsterinsights_skip_tracking":false,"_monsterinsights_sitenote_active":false,"_monsterinsights_sitenote_note":"","_monsterinsights_sitenote_category":0,"footnotes":""},"class_list":["post-1727","page","type-page","status-publish","hentry"],"blocksy_meta":[],"aioseo_notices":[],"_links":{"self":[{"href":"https:\/\/avadiadelmar.com\/en\/wp-json\/wp\/v2\/pages\/1727","targetHints":{"allow":["GET"]}}],"collection":[{"href":"https:\/\/avadiadelmar.com\/en\/wp-json\/wp\/v2\/pages"}],"about":[{"href":"https:\/\/avadiadelmar.com\/en\/wp-json\/wp\/v2\/types\/page"}],"author":[{"embeddable":true,"href":"https:\/\/avadiadelmar.com\/en\/wp-json\/wp\/v2\/users\/1"}],"replies":[{"embeddable":true,"href":"https:\/\/avadiadelmar.com\/en\/wp-json\/wp\/v2\/comments?post=1727"}],"version-history":[{"count":7,"href":"https:\/\/avadiadelmar.com\/en\/wp-json\/wp\/v2\/pages\/1727\/revisions"}],"predecessor-version":[{"id":2912,"href":"https:\/\/avadiadelmar.com\/en\/wp-json\/wp\/v2\/pages\/1727\/revisions\/2912"}],"wp:attachment":[{"href":"https:\/\/avadiadelmar.com\/en\/wp-json\/wp\/v2\/media?parent=1727"}],"curies":[{"name":"wp","href":"https:\/\/api.w.org\/{rel}","templated":true}]}}