{"id":1715,"date":"2025-04-19T16:18:48","date_gmt":"2025-04-19T21:18:48","guid":{"rendered":"https:\/\/avadiadelmar.com\/?page_id=1715"},"modified":"2025-04-19T16:22:07","modified_gmt":"2025-04-19T21:22:07","slug":"condiciones-de-reserva","status":"publish","type":"page","link":"https:\/\/avadiadelmar.com\/en\/condiciones-de-reserva\/","title":{"rendered":"Reservation Conditions"},"content":{"rendered":"<div data-elementor-type=\"wp-page\" data-elementor-id=\"1715\" class=\"elementor elementor-1715\">\n\t\t\t\t<div class=\"elementor-element elementor-element-d519297 e-flex e-con-boxed e-con e-parent\" data-id=\"d519297\" data-element_type=\"container\" data-e-type=\"container\">\n\t\t\t\t\t<div class=\"e-con-inner\">\n\t\t\t\t<div class=\"elementor-element elementor-element-27f0873 elementor-widget__width-inherit elementor-widget elementor-widget-heading\" data-id=\"27f0873\" data-element_type=\"widget\" data-e-type=\"widget\" data-widget_type=\"heading.default\">\n\t\t\t\t<div class=\"elementor-widget-container\">\n\t\t\t\t\t<h2 class=\"elementor-heading-title elementor-size-default\">Condiciones de reserva<\/h2>\t\t\t\t<\/div>\n\t\t\t\t<\/div>\n\t\t\t\t\t<\/div>\n\t\t\t\t<\/div>\n\t\t<article class=\"elementor-element elementor-element-6aeaaa9 e-flex e-con-boxed e-con e-parent\" data-id=\"6aeaaa9\" data-element_type=\"container\" data-e-type=\"container\">\n\t\t\t\t\t<div class=\"e-con-inner\">\n\t\t\t\t<div class=\"elementor-element elementor-element-47379e5 elementor-widget elementor-widget-text-editor\" data-id=\"47379e5\" data-element_type=\"widget\" data-e-type=\"widget\" data-widget_type=\"text-editor.default\">\n\t\t\t\t<div class=\"elementor-widget-container\">\n\t\t\t\t\t\t\t\t\t<ul><li><span class=\"OYPEnA font-feature-liga-off font-feature-clig-off font-feature-calt-off text-decoration-none text-strikethrough-none\">REGISTRO ANTICIPADO: El HOTEL<\/span><span class=\"OYPEnA font-feature-liga-off font-feature-clig-off font-feature-calt-off text-decoration-none text-strikethrough-none\"> se reserva el derecho a cobrar a los hu\u00e9spedes que deseen entrar antes de las 3:00 PM el valor del 50% adicional, sujeto a disponibilidad, previa solicitud del <\/span><span class=\"OYPEnA font-feature-liga-off font-feature-clig-off font-feature-calt-off text-decoration-none text-strikethrough-none\">HUESPED<\/span><span class=\"OYPEnA font-feature-liga-off font-feature-clig-off font-feature-calt-off text-decoration-none text-strikethrough-none\"> al <\/span><span class=\"OYPEnA font-feature-liga-off font-feature-clig-off font-feature-calt-off text-decoration-none text-strikethrough-none\">HOTEL<\/span><span class=\"OYPEnA font-feature-liga-off font-feature-clig-off font-feature-calt-off text-decoration-none text-strikethrough-none\">.<\/span><\/li><\/ul><ul><li><span class=\"OYPEnA font-feature-liga-off font-feature-clig-off font-feature-calt-off text-decoration-none text-strikethrough-none\">SALIDA TARDE: EL HOTEL <\/span><span class=\"OYPEnA font-feature-liga-off font-feature-clig-off font-feature-calt-off text-decoration-none text-strikethrough-none\">permite salida tard\u00eda hasta las 4:00 p.m. por un costo de $30,000 COP y hasta las 6:00 p.m. por $50,000 COP. Despu\u00e9s de las 6:00 p.m., se cobrar\u00e1 el 50% del valor de una noche de alojamiento.<\/span><\/li><\/ul><ul><li><span class=\"OYPEnA font-feature-liga-off font-feature-clig-off font-feature-calt-off text-decoration-none text-strikethrough-none\">SALIDA ANTICIPADA: <\/span><span class=\"OYPEnA font-feature-liga-off font-feature-clig-off font-feature-calt-off text-decoration-none text-strikethrough-none\">Si el hu\u00e9sped se retira antes de la fecha reservada, se realizar\u00e1 un cargo correspondiente a 100% de las noches a la tarifa contratada. Para ello, EL HOTEL se reservar\u00e1 el derecho de aplicaci\u00f3n de esta penalidad.<\/span><\/li><\/ul><ul><li><span class=\"OYPEnA font-feature-liga-off font-feature-clig-off font-feature-calt-off text-decoration-none text-strikethrough-none\">Condiciones referentes a ni\u00f1os Es necesario que todos los ni\u00f1os y adolescentes presenten su documento de identidad o certificado de nacimiento en el check-in, en la ausencia de estos documentos, no ser\u00e1 posible la estancia.<\/span><\/li><\/ul><ul><li><span class=\"OYPEnA font-feature-liga-off font-feature-clig-off font-feature-calt-off text-decoration-none text-strikethrough-none\">Los menores acompa\u00f1ados por parientes (t\u00edos, abuelos, primos, etc.), deben presentar en el check-in, documento de identidad o certificado de nacimiento y autorizaci\u00f3n original de hospedaje por escrito de los padres, con firmas debidamente reconocidas en registro, indicando fecha de entrada y de salida, raz\u00f3n para el alojamiento de los menores y los tel\u00e9fonos de los padres para contacto.<\/span><\/li><\/ul>\t\t\t\t\t\t\t\t<\/div>\n\t\t\t\t<\/div>\n\t\t\t\t\t<\/div>\n\t\t\t\t<\/article>\n\t\t\t\t<\/div>","protected":false},"excerpt":{"rendered":"<p>Condiciones de reserva REGISTRO ANTICIPADO: El HOTEL se reserva el derecho a cobrar a los hu\u00e9spedes que deseen entrar antes de las 3:00 PM el valor del 50% adicional, sujeto a disponibilidad, previa solicitud del HUESPED al HOTEL. SALIDA TARDE: EL HOTEL permite salida tard\u00eda hasta las 4:00 p.m. por un costo de $30,000 COP [&hellip;]<\/p>","protected":false},"author":1,"featured_media":0,"parent":0,"menu_order":0,"comment_status":"closed","ping_status":"closed","template":"","meta":{"om_disable_all_campaigns":false,"_monsterinsights_skip_tracking":false,"_monsterinsights_sitenote_active":false,"_monsterinsights_sitenote_note":"","_monsterinsights_sitenote_category":0,"footnotes":""},"class_list":["post-1715","page","type-page","status-publish","hentry"],"blocksy_meta":[],"aioseo_notices":[],"_links":{"self":[{"href":"https:\/\/avadiadelmar.com\/en\/wp-json\/wp\/v2\/pages\/1715","targetHints":{"allow":["GET"]}}],"collection":[{"href":"https:\/\/avadiadelmar.com\/en\/wp-json\/wp\/v2\/pages"}],"about":[{"href":"https:\/\/avadiadelmar.com\/en\/wp-json\/wp\/v2\/types\/page"}],"author":[{"embeddable":true,"href":"https:\/\/avadiadelmar.com\/en\/wp-json\/wp\/v2\/users\/1"}],"replies":[{"embeddable":true,"href":"https:\/\/avadiadelmar.com\/en\/wp-json\/wp\/v2\/comments?post=1715"}],"version-history":[{"count":4,"href":"https:\/\/avadiadelmar.com\/en\/wp-json\/wp\/v2\/pages\/1715\/revisions"}],"predecessor-version":[{"id":1719,"href":"https:\/\/avadiadelmar.com\/en\/wp-json\/wp\/v2\/pages\/1715\/revisions\/1719"}],"wp:attachment":[{"href":"https:\/\/avadiadelmar.com\/en\/wp-json\/wp\/v2\/media?parent=1715"}],"curies":[{"name":"wp","href":"https:\/\/api.w.org\/{rel}","templated":true}]}}