{"id":1034,"date":"2025-02-03T11:50:43","date_gmt":"2025-02-03T16:50:43","guid":{"rendered":"https:\/\/avadiadelmar.com\/?page_id=1034"},"modified":"2025-04-24T17:02:54","modified_gmt":"2025-04-24T22:02:54","slug":"reglamento-del-hotel","status":"publish","type":"page","link":"https:\/\/avadiadelmar.com\/en\/reglamento-del-hotel\/","title":{"rendered":"Reglamento del Hotel"},"content":{"rendered":"<div data-elementor-type=\"wp-page\" data-elementor-id=\"1034\" class=\"elementor elementor-1034\">\n\t\t\t\t<div class=\"elementor-element elementor-element-7f3626f e-flex e-con-boxed e-con e-parent\" data-id=\"7f3626f\" data-element_type=\"container\" data-e-type=\"container\">\n\t\t\t\t\t<div class=\"e-con-inner\">\n\t\t\t\t<div class=\"elementor-element elementor-element-0f9d560 elementor-widget__width-inherit elementor-widget elementor-widget-heading\" data-id=\"0f9d560\" data-element_type=\"widget\" data-e-type=\"widget\" data-widget_type=\"heading.default\">\n\t\t\t\t<div class=\"elementor-widget-container\">\n\t\t\t\t\t<h2 class=\"elementor-heading-title elementor-size-default\">REGLAMENTO DEL HOTEL AVADIA DEL MAR<\/h2>\t\t\t\t<\/div>\n\t\t\t\t<\/div>\n\t\t\t\t\t<\/div>\n\t\t\t\t<\/div>\n\t\t<article class=\"elementor-element elementor-element-c13fed0 e-flex e-con-boxed e-con e-parent\" data-id=\"c13fed0\" data-element_type=\"container\" data-e-type=\"container\">\n\t\t\t\t\t<div class=\"e-con-inner\">\n\t\t\t\t<div class=\"elementor-element elementor-element-47e4ae0 elementor-widget elementor-widget-text-editor\" data-id=\"47e4ae0\" data-element_type=\"widget\" data-e-type=\"widget\" data-widget_type=\"text-editor.default\">\n\t\t\t\t<div class=\"elementor-widget-container\">\n\t\t\t\t\t\t\t\t\t<p class=\"cvGsUA direction-ltr align-start para-style-body\"><span class=\"OYPEnA font-feature-liga-off font-feature-clig-off font-feature-calt-off text-decoration-none text-strikethrough-none\">1.<\/span><span class=\"OYPEnA font-feature-liga-off font-feature-clig-off font-feature-calt-off text-decoration-none text-strikethrough-none\"> El hu\u00e9sped debe proporcionar un n\u00famero o correo electr\u00f3nico para ser contactado durante su estad\u00eda.<\/span><\/p><p class=\"cvGsUA direction-ltr align-start para-style-body\"><span class=\"OYPEnA font-feature-liga-off font-feature-clig-off font-feature-calt-off text-decoration-none text-strikethrough-none\">2<\/span><span class=\"OYPEnA font-feature-liga-off font-feature-clig-off font-feature-calt-off text-decoration-none text-strikethrough-none\">. Todos nuestros hu\u00e9spedes deben ser registrados en recepci\u00f3n. El HOTEL se reserva el derecho de negar el ingreso a los hu\u00e9spedes que no posean una identificaci\u00f3n v\u00e1lida.<\/span><\/p><p class=\"cvGsUA direction-ltr align-start para-style-body\"><span class=\"OYPEnA font-feature-liga-off font-feature-clig-off font-feature-calt-off text-decoration-none text-strikethrough-none\">3.<\/span> <span class=\"OYPEnA font-feature-liga-off font-feature-clig-off font-feature-calt-off text-decoration-none text-strikethrough-none\">No se permite la entrada a las habitaciones a visitantes no registrados en recepci\u00f3n. Si hay una persona adicional en la habitaci\u00f3n, se cargar\u00e1 el costo extra a la cuenta del<\/span><span class=\"OYPEnA font-feature-liga-off font-feature-clig-off font-feature-calt-off text-decoration-none text-strikethrough-none\"> HUESPED<\/span><span class=\"OYPEnA font-feature-liga-off font-feature-clig-off font-feature-calt-off text-decoration-none text-strikethrough-none\">.<\/span><\/p><p class=\"cvGsUA direction-ltr align-start para-style-body\"><span class=\"OYPEnA font-feature-liga-off font-feature-clig-off font-feature-calt-off text-decoration-none text-strikethrough-none\">4<\/span><span class=\"OYPEnA font-feature-liga-off font-feature-clig-off font-feature-calt-off text-decoration-none text-strikethrough-none\">. EL HOTEL se reserva el derecho de denegar el servicio si el comportamiento del hu\u00e9sped no es adecuado. Actitudes agresivas, amenazantes o irrespetuosas hacia el personal o los dem\u00e1s hu\u00e9spedes pueden resultar en la expulsi\u00f3n inmediata y denuncia ante las autoridades.<\/span><\/p><p class=\"cvGsUA direction-ltr align-start para-style-body\"><span class=\"OYPEnA font-feature-liga-off font-feature-clig-off font-feature-calt-off text-decoration-none text-strikethrough-none\">5. PAZ Y SALVO<\/span><span class=\"OYPEnA font-feature-liga-off font-feature-clig-off font-feature-calt-off text-decoration-none text-strikethrough-none\">: El pago total de la estad\u00eda debe realizarse al momento del check-in. En caso de saldos pendientes y negativa a pagarlos, el hotel no entregar\u00e1 la habitaci\u00f3n y solicitar\u00e1 la salida del hu\u00e9sped.<\/span><\/p><p class=\"cvGsUA direction-ltr align-start para-style-body\"><span class=\"OYPEnA font-feature-liga-off font-feature-clig-off font-feature-calt-off text-decoration-none text-strikethrough-none\">6.<\/span><span class=\"OYPEnA font-feature-liga-off font-feature-clig-off font-feature-calt-off text-decoration-none text-strikethrough-none\"> Los desayunos ser\u00e1n servidos \u00fanicamente en el restobar del HOTEL, dentro del horario establecido de 7:30 a.m. a 10:00 a.m.<\/span><\/p><p class=\"cvGsUA direction-ltr align-start para-style-body\"><span class=\"OYPEnA font-feature-liga-off font-feature-clig-off font-feature-calt-off text-decoration-none text-strikethrough-none\">7. EL HU\u00c9SPED<\/span><span class=\"OYPEnA font-feature-liga-off font-feature-clig-off font-feature-calt-off text-decoration-none text-strikethrough-none\"> es responsable de mantener en buen estado los muebles, equipos e instalaciones del hotel. Cualquier da\u00f1o o p\u00e9rdida ser\u00e1 responsabilidad del hu\u00e9sped, incluso por negligencia leve y debera asumir el costo.<\/span><\/p><p class=\"cvGsUA direction-ltr align-start para-style-body\"><span class=\"OYPEnA font-feature-liga-off font-feature-clig-off font-feature-calt-off text-decoration-none text-strikethrough-none\">8<\/span><span class=\"OYPEnA font-feature-liga-off font-feature-clig-off font-feature-calt-off text-decoration-none text-strikethrough-none\">. Se realizara <\/span><span class=\"OYPEnA font-feature-liga-off font-feature-clig-off font-feature-calt-off text-decoration-none text-strikethrough-none\">LA LIMPIEZA<\/span><span class=\"OYPEnA font-feature-liga-off font-feature-clig-off font-feature-calt-off text-decoration-none text-strikethrough-none\"> entre las 10:00 a.m. y las 4:00 p.m. Se recomienda que el hu\u00e9sped informe a recepci\u00f3n si desea que su habitaci\u00f3n sea limpiada.<\/span><\/p><p class=\"cvGsUA direction-ltr align-start para-style-body\"><span class=\"OYPEnA font-feature-liga-off font-feature-clig-off font-feature-calt-off text-decoration-none text-strikethrough-none\">9<\/span><span class=\"OYPEnA font-feature-liga-off font-feature-clig-off font-feature-calt-off text-decoration-none text-strikethrough-none\">. Est\u00e1 prohibido colgar ropa mojada en las ventanas, el mobiliario y los equipos el\u00e9ctricos, tanto en la habitaci\u00f3n como en las \u00e1reas comunes. Cualquier da\u00f1o ser\u00e1 responsabilidad del <\/span><span class=\"OYPEnA font-feature-liga-off font-feature-clig-off font-feature-calt-off text-decoration-none text-strikethrough-none\">HUESPED<\/span><span class=\"OYPEnA font-feature-liga-off font-feature-clig-off font-feature-calt-off text-decoration-none text-strikethrough-none\">.<\/span><\/p><p class=\"cvGsUA direction-ltr align-start para-style-body\"><span class=\"OYPEnA font-feature-liga-off font-feature-clig-off font-feature-calt-off text-decoration-none text-strikethrough-none\">10.<\/span><span class=\"OYPEnA font-feature-liga-off font-feature-clig-off font-feature-calt-off text-decoration-none text-strikethrough-none\"> USO DE TOALLAS Y S\u00c1BANAS. Las toallas y s\u00e1banas son propiedad del HOTEL y deben usarse \u00fanicamente dentro de la habitaci\u00f3n y para su prop\u00f3sito habitual. No est\u00e1 permitido retirarlas de las instalaciones ni utilizarlas para otros fines como limpieza, playa, ba\u00f1o, limpieza de calzado etc. El mal uso o da\u00f1o implicar\u00e1 una sanci\u00f3n de $80,000 COP por unidad.<\/span><\/p><p class=\"cvGsUA direction-ltr align-start para-style-body\"><span class=\"OYPEnA font-feature-liga-off font-feature-clig-off font-feature-calt-off text-decoration-none text-strikethrough-none\">11. RESPONSABILIDAD POR PERDIDA. -Si no se entrega al HOTEL de los objetos que el HUESPED desee se custodie, se exonerara al HOTEL de toda responsabilidad en caso de p\u00e9rdida o da\u00f1o de los bienes del HUESPED, tales como dinero, tarjetas de cr\u00e9dito o d\u00e9bito, papel moneda, travel check, joyas, c\u00e1maras, equipos, utensilios, celulares, tabletas o cualquier otro aparato electr\u00f3nico, etc., ya que esos bienes estar\u00e1n bajo el \u00fanico y exclusivo dominio del hu\u00e9sped.<\/span><\/p><p class=\"cvGsUA direction-ltr align-start para-style-body\"><span class=\"OYPEnA font-feature-liga-off font-feature-clig-off font-feature-calt-off text-decoration-none text-strikethrough-none\">12. REGISTRO ANTICIPADO: El HOTEL<\/span><span class=\"OYPEnA font-feature-liga-off font-feature-clig-off font-feature-calt-off text-decoration-none text-strikethrough-none\"> se reserva el derecho a cobrar a los hu\u00e9spedes que deseen entrar antes de las 3:00 PM el valor del 50% adicional, sujeto a disponibilidad, previa solicitud del <\/span><span class=\"OYPEnA font-feature-liga-off font-feature-clig-off font-feature-calt-off text-decoration-none text-strikethrough-none\">HUESPED<\/span><span class=\"OYPEnA font-feature-liga-off font-feature-clig-off font-feature-calt-off text-decoration-none text-strikethrough-none\"> al <\/span><span class=\"OYPEnA font-feature-liga-off font-feature-clig-off font-feature-calt-off text-decoration-none text-strikethrough-none\">HOTEL<\/span><span class=\"OYPEnA font-feature-liga-off font-feature-clig-off font-feature-calt-off text-decoration-none text-strikethrough-none\">.<\/span><\/p><p class=\"cvGsUA direction-ltr align-start para-style-body\"><span class=\"OYPEnA font-feature-liga-off font-feature-clig-off font-feature-calt-off text-decoration-none text-strikethrough-none\">13. SALIDA TARDE: EL HOTEL <\/span><span class=\"OYPEnA font-feature-liga-off font-feature-clig-off font-feature-calt-off text-decoration-none text-strikethrough-none\">permite salida tard\u00eda hasta las 4:00 p.m. por un costo de $30,000 COP y hasta las 6:00 p.m. por $50,000 COP. Despu\u00e9s de las 6:00 p.m., se cobrar\u00e1 el 50% del valor de una noche de alojamiento.<\/span><\/p><p class=\"cvGsUA direction-ltr align-start para-style-body\"><span class=\"OYPEnA font-feature-liga-off font-feature-clig-off font-feature-calt-off text-decoration-none text-strikethrough-none\">14. SALIDA ANTICIPADA: <\/span><span class=\"OYPEnA font-feature-liga-off font-feature-clig-off font-feature-calt-off text-decoration-none text-strikethrough-none\">Si el hu\u00e9sped se retira antes de la fecha reservada, se realizar\u00e1 un cargo correspondiente a 100% de las noches a la tarifa contratada. Para ello, EL HOTEL se reservar\u00e1 el derecho de aplicaci\u00f3n de esta penalidad.<\/span><\/p><p class=\"cvGsUA direction-ltr align-start para-style-body\"><span class=\"OYPEnA font-feature-liga-off font-feature-clig-off font-feature-calt-off text-decoration-none text-strikethrough-none\">15. SE PROH\u00cdBE FUMAR DENTRO DE LAS HABITACIONES 01 Y 02<\/span><span class=\"OYPEnA font-feature-liga-off font-feature-clig-off font-feature-calt-off text-decoration-none text-strikethrough-none\">; \u00fanicamente se permite fumar en el balc\u00f3n, Est\u00e1 prohibido fumar en \u00e1reas comunes del hotel. Asimismo, est\u00e1 prohibido el consumo de drogas, estupefacientes o sustancias psicotr\u00f3picas en cualquier \u00e1rea del hotel. Cualquier infracci\u00f3n ser\u00e1 reportada de inmediato a las autoridades competentes.<\/span><\/p><p class=\"cvGsUA direction-ltr align-start para-style-body\"><span class=\"OYPEnA font-feature-liga-off font-feature-clig-off font-feature-calt-off text-decoration-none text-strikethrough-none\">16. SEGURO:<\/span><span class=\"OYPEnA font-feature-liga-off font-feature-clig-off font-feature-calt-off text-decoration-none text-strikethrough-none\"> El hotel ofrece una p\u00f3liza de seguro <\/span><span class=\"OYPEnA font-feature-liga-off font-feature-clig-off font-feature-calt-off text-decoration-none text-strikethrough-none\">($3.000) <\/span><span class=\"OYPEnA font-feature-liga-off font-feature-clig-off font-feature-calt-off text-decoration-none text-strikethrough-none\">opcional para proteger al huesped de cualquier accidente que se pueda presentar. Si el HU\u00c9SPED no toma esta p\u00f3liza, asume todos los riesgos.<\/span><\/p><p class=\"cvGsUA direction-ltr align-start para-style-body\"><span class=\"OYPEnA font-feature-liga-off font-feature-clig-off font-feature-calt-off text-decoration-none text-strikethrough-none\">17. MASCOTAS:<\/span><span class=\"OYPEnA font-feature-liga-off font-feature-clig-off font-feature-calt-off text-decoration-none text-strikethrough-none\"> Se aceptan mascotas bajo petici\u00f3n previa. Esta solicitud est\u00e1 sujeta a un costo adicional.<\/span><\/p><p class=\"cvGsUA direction-ltr align-start para-style-body\"><span class=\"OYPEnA font-feature-liga-off font-feature-clig-off font-feature-calt-off text-decoration-none text-strikethrough-none\">18. QUEJAS Y RECLAMOS<\/span><span class=\"OYPEnA font-feature-liga-off font-feature-clig-off font-feature-calt-off text-decoration-none text-strikethrough-none\"> Para quejas v\/o sugerencias remitir por escrito al correo electr\u00f3nico, avadiadelmar@gmail.com<\/span><\/p><p class=\"cvGsUA direction-ltr align-start para-style-body\"><span class=\"OYPEnA font-feature-liga-off font-feature-clig-off font-feature-calt-off text-decoration-none text-strikethrough-none\">19. ADVERTENCIA! LA EXPLOTACION Y ABUSO DE MENORES DE EDAD: A<\/span><span class=\"OYPEnA font-feature-liga-off font-feature-clig-off font-feature-calt-off text-decoration-none text-strikethrough-none\">) La explotaci\u00f3n y abuso de menores en Colombia es delito con pena de prisi\u00f3n. El hotel denunciar\u00e1 cualquier acto de este tipo y protege a menores de explotaci\u00f3n sexual. <\/span><span class=\"OYPEnA font-feature-liga-off font-feature-clig-off font-feature-calt-off text-decoration-none text-strikethrough-none\">B)<\/span><span class=\"OYPEnA font-feature-liga-off font-feature-clig-off font-feature-calt-off text-decoration-none text-strikethrough-none\"> Los menores deben estar acompa\u00f1ados por un adulto responsable, y es necesario presentar su identificaci\u00f3n para verificar el parentesco. El hotel no hospedar\u00e1 a menores sin cumplir con este requisito.<\/span><\/p><p class=\"cvGsUA direction-ltr align-start para-style-body\"><span class=\"OYPEnA font-feature-liga-off font-feature-clig-off font-feature-calt-off text-decoration-none text-strikethrough-none\">20. Conservaci\u00f3n del medio ambiente: <\/span><span class=\"OYPEnA font-feature-liga-off font-feature-clig-off font-feature-calt-off text-decoration-none text-strikethrough-none\">El hotel promueve pr\u00e1cticas ecol\u00f3gicas y el hu\u00e9sped debe colaborar en la conservaci\u00f3n del medio ambiente y los recursos naturales.<\/span><span class=\"OYPEnA font-feature-liga-off font-feature-clig-off font-feature-calt-off text-decoration-none text-strikethrough-none\">\u00a0<\/span><\/p>\t\t\t\t\t\t\t\t<\/div>\n\t\t\t\t<\/div>\n\t\t\t\t\t<\/div>\n\t\t\t\t<\/article>\n\t\t\t\t<\/div>","protected":false},"excerpt":{"rendered":"<p>REGLAMENTO DEL HOTEL AVADIA DEL MAR 1. El hu\u00e9sped debe proporcionar un n\u00famero o correo electr\u00f3nico para ser contactado durante su estad\u00eda. 2. Todos nuestros hu\u00e9spedes deben ser registrados en recepci\u00f3n. El HOTEL se reserva el derecho de negar el ingreso a los hu\u00e9spedes que no posean una identificaci\u00f3n v\u00e1lida. 3. No se permite la [&hellip;]<\/p>","protected":false},"author":1,"featured_media":0,"parent":0,"menu_order":0,"comment_status":"closed","ping_status":"closed","template":"","meta":{"om_disable_all_campaigns":false,"_monsterinsights_skip_tracking":false,"_monsterinsights_sitenote_active":false,"_monsterinsights_sitenote_note":"","_monsterinsights_sitenote_category":0,"footnotes":""},"class_list":["post-1034","page","type-page","status-publish","hentry"],"blocksy_meta":[],"aioseo_notices":[],"_links":{"self":[{"href":"https:\/\/avadiadelmar.com\/en\/wp-json\/wp\/v2\/pages\/1034","targetHints":{"allow":["GET"]}}],"collection":[{"href":"https:\/\/avadiadelmar.com\/en\/wp-json\/wp\/v2\/pages"}],"about":[{"href":"https:\/\/avadiadelmar.com\/en\/wp-json\/wp\/v2\/types\/page"}],"author":[{"embeddable":true,"href":"https:\/\/avadiadelmar.com\/en\/wp-json\/wp\/v2\/users\/1"}],"replies":[{"embeddable":true,"href":"https:\/\/avadiadelmar.com\/en\/wp-json\/wp\/v2\/comments?post=1034"}],"version-history":[{"count":41,"href":"https:\/\/avadiadelmar.com\/en\/wp-json\/wp\/v2\/pages\/1034\/revisions"}],"predecessor-version":[{"id":1974,"href":"https:\/\/avadiadelmar.com\/en\/wp-json\/wp\/v2\/pages\/1034\/revisions\/1974"}],"wp:attachment":[{"href":"https:\/\/avadiadelmar.com\/en\/wp-json\/wp\/v2\/media?parent=1034"}],"curies":[{"name":"wp","href":"https:\/\/api.w.org\/{rel}","templated":true}]}}